{"id":309,"date":"2016-01-30T15:38:55","date_gmt":"2016-01-30T13:38:55","guid":{"rendered":"http:\/\/www.mustamaetee201.eu\/?page_id=309"},"modified":"2025-12-07T16:59:07","modified_gmt":"2025-12-07T14:59:07","slug":"teostatud-tood","status":"publish","type":"page","link":"https:\/\/www.mustamaetee201.eu\/?page_id=309","title":{"rendered":"Teostatud t\u00f6\u00f6d"},"content":{"rendered":"<table border=\"1\" cellpadding=\"5\" cellspacing=\"0\">\n<thead>\n<tr>\n<th>T\u00f6\u00f6 kirjeldus<\/th>\n<th>Aasta<\/th>\n<\/tr>\n<\/thead>\n<tbody>\n<tr>\n<td>R\u00f5dude paneelide sanitaarremont<\/td>\n<td>2020<\/td>\n<\/tr>\n<tr>\n<td>Tulet\u00f5kketsoonide ehitus keldris<\/td>\n<td>2019<\/td>\n<\/tr>\n<tr>\n<td>Varikatuste paigaldamine<\/td>\n<td>2018<\/td>\n<\/tr>\n<tr>\n<td>Vihmavees\u00fcsteemi paigaldamine<\/td>\n<td>2018<\/td>\n<\/tr>\n<tr>\n<td>V\u00e4lispaneelvuukide renoveerimine<\/td>\n<td>2018<\/td>\n<\/tr>\n<tr>\n<td>Katuse renoveerimine sh. SBS katte paigaldus ja soojustamine<\/td>\n<td>2017<\/td>\n<\/tr>\n<tr>\n<td>K\u00fcttes\u00fcsteemi renoveerimine sh. k\u00fcttemagistraali, -p\u00fcstakute ja -radiaatorite vahetus koos termostaatventiilidega<\/td>\n<td>2017<\/td>\n<\/tr>\n<tr>\n<td>Parkla korrastamine<\/td>\n<td>2017<\/td>\n<\/tr>\n<tr>\n<td>Elektrikilbiruumi ehitus<\/td>\n<td>2017<\/td>\n<\/tr>\n<tr>\n<td>Trepikojauste renoveerimine<\/td>\n<td>2015<\/td>\n<\/tr>\n<tr>\n<td>Kanalisatsioonip\u00fcstikute vahetus<\/td>\n<td>2015<\/td>\n<\/tr>\n<tr>\n<td>Soojuss\u00f5lme mv ajam ja terminaliplokk<\/td>\n<td>2014<\/td>\n<\/tr>\n<tr>\n<td>Keldri veetrassi vahetus<\/td>\n<td>2012<\/td>\n<\/tr>\n<tr>\n<td>Ringluspumba vahetus, mootorventiil ja ajam soojuss\u00f5lmes<\/td>\n<td>2011<\/td>\n<\/tr>\n<tr>\n<td>Pr\u00fcgimaja<\/td>\n<td>2008<\/td>\n<\/tr>\n<tr>\n<td>Keldriakende vahetus<\/td>\n<td>2006<\/td>\n<\/tr>\n<tr>\n<td>Trepikodade remont, postkastid ja uksed<\/td>\n<td>2006<\/td>\n<\/tr>\n<tr>\n<td>Otsaseinte soojustus<\/td>\n<td>2005<\/td>\n<\/tr>\n<tr>\n<td>Paneelivuugid<\/td>\n<td>2005<\/td>\n<\/tr>\n<tr>\n<td>R\u00f5dude renoveerimine<\/td>\n<td>2005<\/td>\n<\/tr>\n<tr>\n<td>Trepikoja akende vahetus, uste v\u00e4rvimine<\/td>\n<td>2005<\/td>\n<\/tr>\n<\/tbody>\n<\/table>\n","protected":false},"excerpt":{"rendered":"<p>T\u00f6\u00f6 kirjeldus Aasta R\u00f5dude paneelide sanitaarremont 2020 Tulet\u00f5kketsoonide ehitus keldris 2019 Varikatuste paigaldamine 2018 Vihmavees\u00fcsteemi paigaldamine 2018 V\u00e4lispaneelvuukide renoveerimine 2018 Katuse renoveerimine sh. SBS katte paigaldus ja soojustamine 2017 K\u00fcttes\u00fcsteemi renoveerimine sh. k\u00fcttemagistraali, -p\u00fcstakute ja -radiaatorite vahetus koos termostaatventiilidega 2017 Parkla korrastamine 2017 Elektrikilbiruumi ehitus 2017 Trepikojauste renoveerimine 2015 Kanalisatsioonip\u00fcstikute vahetus 2015 Soojuss\u00f5lme mv ajam <a href=\"https:\/\/www.mustamaetee201.eu\/?page_id=309\" rel=\"nofollow\"><span class=\"sr-only\">Read more about Teostatud t\u00f6\u00f6d<\/span>[&hellip;]<\/a><\/p>\n","protected":false},"author":1,"featured_media":0,"parent":0,"menu_order":0,"comment_status":"closed","ping_status":"closed","template":"template-fullwidth.php","meta":{"footnotes":""},"class_list":["post-309","page","type-page","status-publish","hentry"],"_links":{"self":[{"href":"https:\/\/www.mustamaetee201.eu\/index.php?rest_route=\/wp\/v2\/pages\/309","targetHints":{"allow":["GET"]}}],"collection":[{"href":"https:\/\/www.mustamaetee201.eu\/index.php?rest_route=\/wp\/v2\/pages"}],"about":[{"href":"https:\/\/www.mustamaetee201.eu\/index.php?rest_route=\/wp\/v2\/types\/page"}],"author":[{"embeddable":true,"href":"https:\/\/www.mustamaetee201.eu\/index.php?rest_route=\/wp\/v2\/users\/1"}],"replies":[{"embeddable":true,"href":"https:\/\/www.mustamaetee201.eu\/index.php?rest_route=%2Fwp%2Fv2%2Fcomments&post=309"}],"version-history":[{"count":5,"href":"https:\/\/www.mustamaetee201.eu\/index.php?rest_route=\/wp\/v2\/pages\/309\/revisions"}],"predecessor-version":[{"id":1153,"href":"https:\/\/www.mustamaetee201.eu\/index.php?rest_route=\/wp\/v2\/pages\/309\/revisions\/1153"}],"wp:attachment":[{"href":"https:\/\/www.mustamaetee201.eu\/index.php?rest_route=%2Fwp%2Fv2%2Fmedia&parent=309"}],"curies":[{"name":"wp","href":"https:\/\/api.w.org\/{rel}","templated":true}]}}